{"id":425,"date":"2015-10-27T13:43:57","date_gmt":"2015-10-27T19:43:57","guid":{"rendered":"http:\/\/www.joacomputacion.com\/?page_id=425"},"modified":"2015-10-27T15:32:50","modified_gmt":"2015-10-27T21:32:50","slug":"guia-para-windows-xp-vista-y-7-en-el-uso-de-gpedit-msc-y-rungped-exe","status":"publish","type":"page","link":"https:\/\/www.joacomputacion.com\/index.php\/guia-para-windows-xp-vista-y-7-en-el-uso-de-gpedit-msc-y-rungped-exe\/","title":{"rendered":"Gu\u00eda para Windows XP, Vista y 7 en el uso de GPEDIT.MSC y RUNGPED.EXE"},"content":{"rendered":"<h5 class=\"taxonomy\"><span style=\"color: #ff0000;\"><strong>Gu\u00eda para Windows XP, Vista y 7 en el uso de GPEDIT.MSC y RUNGPED.EXE<\/strong><\/span><\/h5>\n<div class=\"content\">\n<p>Si desea proteger la informaci\u00f3n de su PC de usuarios que usen su computadora, recomendamos los siguientes pasos (no se incluye explicaci\u00f3n de firewalls ni antivirus que consideramos necesarios):<\/p>\n<p>1. Ponga los candados necesarios a su computadora (eliminar acceso a las unidades de disco, eliminar el comando ejecutar, eliminar la posibilidad de modificar la configuraci\u00f3n de su computadora, eliminar la posibilidad de instalaci\u00f3n de programas, entre otros) y mantenga los accesos directos SOLO de los programas que requiere que usen sus usuarios. Para ello, revise el documento <span style=\"color: #0000ff;\"><a style=\"color: #0000ff;\" href=\"http:\/\/www.joacomputacion.com\/index.php\/guia-practica-para-uso-de-gpedit-msc\/\">Gu\u00eda para uso de GPEDIT.MSC<\/a><\/span><\/p>\n<p>2. Su computadora puede quedar a tal punto bloqueada que usted mismo pueda no entrar a usarla ampliamente. Coloque el programa RUNGPED.EXE de JOA Computaci\u00f3n en el escritorio de su computadora y modifique la contrase\u00f1a inmediatamente para que s\u00f3lo usted pueda desbloquear su PC. Para ello revise el documento <span style=\"color: #0000ff;\"><a style=\"color: #0000ff;\" href=\"http:\/\/www.joacomputacion.com\/index.php\/guia-para-uso-y-descarga-de-rungped-exe\/\">Gu\u00eda para uso y descarga de RUNGPED.EXE<\/a><\/span><\/p>\n<p>3. Cuando requiera dar mantenimiento a su computadora, ejecute RUNGPED.EXE que est\u00e1 en el escritorio de su computadora (seg\u00fan se hizo en el paso 2), el cual ejecutar\u00e1 GPEDIT.MSC y as\u00ed podr\u00e1 dar mantenimiento a su computadora y desbloquear los candados puestos en el paso 1.<\/p>\n<p>4. Cambie la contrase\u00f1a de RUNGPED.EXE cuando lo requiera con el programa PONPASS.EXE que viene incluido con RUNGPED.EXE y documente los cambios que haya elegido realizar en su computadora (seg\u00fan se sugiere en<span style=\"color: #0000ff;\"> <a style=\"color: #0000ff;\" href=\"http:\/\/www.joacomputacion.com\/index.php\/guia-practica-para-uso-de-gpedit-msc\/\">Gu\u00eda para uso de GPEDIT.MSC<\/a><\/span>). La documentaci\u00f3n le ser\u00e1 muy \u00fatil para cuando requiera realizar cambios o revertir los cambios.<\/p>\n<p>notas:<br \/>\nLa informaci\u00f3n t\u00e9cnica contenida en esta y otras p\u00e1ginas de este sitio est\u00e1 sujeta a modificaci\u00f3n sin previo aviso. JOA Computaci\u00f3n no se hace responsable por inexactitud en la informaci\u00f3n o por consecuencias en el uso de las herramientas aqu\u00ed descritas.<br \/>\nRUNGPED.EXE y RUNPOLED.EXE son propiedad de JOA Comptuaci\u00f3n. GPEDIT.MSC y POLEDIT.EXE son propiedad de Microsoft, Co. y son marcas registradas de sus respectivas empresas.<\/p>\n<\/div>\n","protected":false},"excerpt":{"rendered":"<p>Gu\u00eda para Windows XP, Vista y 7 en el uso de GPEDIT.MSC y RUNGPED.EXE Si desea proteger la informaci\u00f3n de su PC de usuarios que usen su computadora, recomendamos los siguientes pasos (no se incluye explicaci\u00f3n de firewalls ni antivirus que consideramos necesarios): 1. Ponga los candados necesarios a su computadora (eliminar acceso a las [&hellip;]<\/p>\n","protected":false},"author":1,"featured_media":0,"parent":0,"menu_order":0,"comment_status":"open","ping_status":"closed","template":"","meta":{"_uag_custom_page_level_css":"","footnotes":""},"class_list":["post-425","page","type-page","status-publish","hentry"],"uagb_featured_image_src":{"full":false,"thumbnail":false,"medium":false,"medium_large":false,"large":false,"1536x1536":false,"2048x2048":false,"et-featured-first":false,"et-featured-second":false,"et-featured-category":false,"et-featured-third":false,"et-recent-post-image":false,"et-popular-post-image":false,"et-popular-post-big-image":false,"et-category-image":false,"et-recent-first-image":false,"et-tabs-image-small":false,"et-blog-page-thumb":false,"et-gallery-page-thumb":false,"et-portfolio-medium-page-thumb":false,"et-portfolio-medium-portrait-page-thumb":false,"et-portfolio-small-page-thumb":false,"et-portfolio-small-portrait-page-thumb":false,"et-portfolio-large-page-thumb":false,"et-portfolio-large-portrait-page-thumb":false,"woocommerce_thumbnail":false,"woocommerce_single":false,"woocommerce_gallery_thumbnail":false},"uagb_author_info":{"display_name":"ramon104","author_link":"https:\/\/www.joacomputacion.com\/index.php\/author\/ramon104\/"},"uagb_comment_info":0,"uagb_excerpt":"Gu\u00eda para Windows XP, Vista y 7 en el uso de GPEDIT.MSC y RUNGPED.EXE Si desea proteger la informaci\u00f3n de su PC de usuarios que usen su computadora, recomendamos los siguientes pasos (no se incluye explicaci\u00f3n de firewalls ni antivirus que consideramos necesarios): 1. Ponga los candados necesarios a su computadora (eliminar acceso a las&hellip;","_links":{"self":[{"href":"https:\/\/www.joacomputacion.com\/index.php\/wp-json\/wp\/v2\/pages\/425"}],"collection":[{"href":"https:\/\/www.joacomputacion.com\/index.php\/wp-json\/wp\/v2\/pages"}],"about":[{"href":"https:\/\/www.joacomputacion.com\/index.php\/wp-json\/wp\/v2\/types\/page"}],"author":[{"embeddable":true,"href":"https:\/\/www.joacomputacion.com\/index.php\/wp-json\/wp\/v2\/users\/1"}],"replies":[{"embeddable":true,"href":"https:\/\/www.joacomputacion.com\/index.php\/wp-json\/wp\/v2\/comments?post=425"}],"version-history":[{"count":8,"href":"https:\/\/www.joacomputacion.com\/index.php\/wp-json\/wp\/v2\/pages\/425\/revisions"}],"predecessor-version":[{"id":456,"href":"https:\/\/www.joacomputacion.com\/index.php\/wp-json\/wp\/v2\/pages\/425\/revisions\/456"}],"wp:attachment":[{"href":"https:\/\/www.joacomputacion.com\/index.php\/wp-json\/wp\/v2\/media?parent=425"}],"curies":[{"name":"wp","href":"https:\/\/api.w.org\/{rel}","templated":true}]}}