{"id":417,"date":"2015-10-27T13:31:27","date_gmt":"2015-10-27T19:31:27","guid":{"rendered":"http:\/\/www.joacomputacion.com\/?page_id=417"},"modified":"2015-10-27T13:34:31","modified_gmt":"2015-10-27T19:34:31","slug":"guia-para-uso-y-descarga-de-rungped-exe","status":"publish","type":"page","link":"https:\/\/www.joacomputacion.com\/index.php\/guia-para-uso-y-descarga-de-rungped-exe\/","title":{"rendered":"Gu\u00eda para uso y descarga de RUNGPED.EXE"},"content":{"rendered":"<h2><span style=\"color: #ff0000;\"><strong>Gu\u00eda para uso y descarga de RUNGPED.EXE<\/strong><\/span><\/h2>\n<p>&nbsp;<\/p>\n<p>RUNGPED.EXE es un programa que sirve para ejecutar el programa GPEDIT.MSC.<\/p>\n<p>Los pasos que debe seguir para usar RUNGPED.EXE son:<br \/>\n1. Descargue el programa de instalaci\u00f3n de RUNGPED.EXE desde nuestra p\u00e1gina ftp y ejec\u00fatelo. Esto genera una carpeta RUNGPED en su disco duro. Dos ejecutables vienen incluidos: RUNGPED.EXE y PONPASS.EXE.<\/p>\n<p>2. Genere un acceso directo en el escritorio al programa C:\\RUNGPED\\RUNGPED.EXE<\/p>\n<p>3. Ejecute C:\\RUNGPED\\PONPASS.EXE para modificar el password de rungped.exe<\/p>\n<p>4. Ejecute el acceso directo a RUNGPED.EXE. Se le pedir\u00e1 que llame a JOA Computaci\u00f3n para pedir autorizaci\u00f3n de uso de este programa (se le podr\u00e1 otorgar autorizaci\u00f3n para evaluar este programa antes de adquirirlo, $332 pesos mexicanos m\u00e1s I.V.A.. Compre ahora).<\/p>\n<p>El objetivo de RUNGPED.EXE es poder ejecutar el programa GPEDIT.MSC cuando toda la computadora est\u00e1 bloqueada para los usuarios, con el fin de desbloquearla o darle mantenimiento (esta ejecuci\u00f3n est\u00e1 sujeta a la contrase\u00f1a que defini\u00f3 en el paso 3).<\/p>\n<p>NOTAS:<br \/>\n\u2022 Recomendamos colocar el archivo COMMAND.COM en la carpeta donde instale RUNGPED. (c\u00f3pielo de C:\\WINDOWS\\SYSTEM32 y p\u00e9guelo en C:\\RUNGPED)<br \/>\n\u2022 Antes de bloquear plenamente su computadora, aseg\u00farese de que puede ejecutar RUNGPED.EXE y que su contrase\u00f1a es aceptada.<br \/>\n\u2022 Es muy importante que documente todos los cambios que haga en GPEDIT.MSC ya que cuando requiera dar mantenimiento a su computadora para desactivar los cambios realizados ser\u00e1 de gran utilidad contar con ellos.<br \/>\n\u2022 Cuando requiera dar mantenimiento a su computadora: a. Ejecute GPEDIT.MSC mediante RUNGPED.EXE, revierta los cambios hechos y documente los cambios que desactiva, b. D\u00e9 el mantenimiento a su computadora seg\u00fan se requiera, c. Ejecute nuevamente GPEDIT.MSC mediante RUNGPED.EXE y active los bloqueos que desactivo en el paso a.<\/p>\n","protected":false},"excerpt":{"rendered":"<p>Gu\u00eda para uso y descarga de RUNGPED.EXE &nbsp; RUNGPED.EXE es un programa que sirve para ejecutar el programa GPEDIT.MSC. Los pasos que debe seguir para usar RUNGPED.EXE son: 1. Descargue el programa de instalaci\u00f3n de RUNGPED.EXE desde nuestra p\u00e1gina ftp y ejec\u00fatelo. Esto genera una carpeta RUNGPED en su disco duro. Dos ejecutables vienen incluidos: [&hellip;]<\/p>\n","protected":false},"author":1,"featured_media":0,"parent":0,"menu_order":0,"comment_status":"open","ping_status":"closed","template":"","meta":{"_uag_custom_page_level_css":"","footnotes":""},"class_list":["post-417","page","type-page","status-publish","hentry"],"uagb_featured_image_src":{"full":false,"thumbnail":false,"medium":false,"medium_large":false,"large":false,"1536x1536":false,"2048x2048":false,"et-featured-first":false,"et-featured-second":false,"et-featured-category":false,"et-featured-third":false,"et-recent-post-image":false,"et-popular-post-image":false,"et-popular-post-big-image":false,"et-category-image":false,"et-recent-first-image":false,"et-tabs-image-small":false,"et-blog-page-thumb":false,"et-gallery-page-thumb":false,"et-portfolio-medium-page-thumb":false,"et-portfolio-medium-portrait-page-thumb":false,"et-portfolio-small-page-thumb":false,"et-portfolio-small-portrait-page-thumb":false,"et-portfolio-large-page-thumb":false,"et-portfolio-large-portrait-page-thumb":false,"woocommerce_thumbnail":false,"woocommerce_single":false,"woocommerce_gallery_thumbnail":false},"uagb_author_info":{"display_name":"ramon104","author_link":"https:\/\/www.joacomputacion.com\/index.php\/author\/ramon104\/"},"uagb_comment_info":0,"uagb_excerpt":"Gu\u00eda para uso y descarga de RUNGPED.EXE &nbsp; RUNGPED.EXE es un programa que sirve para ejecutar el programa GPEDIT.MSC. Los pasos que debe seguir para usar RUNGPED.EXE son: 1. Descargue el programa de instalaci\u00f3n de RUNGPED.EXE desde nuestra p\u00e1gina ftp y ejec\u00fatelo. Esto genera una carpeta RUNGPED en su disco duro. Dos ejecutables vienen incluidos:&hellip;","_links":{"self":[{"href":"https:\/\/www.joacomputacion.com\/index.php\/wp-json\/wp\/v2\/pages\/417"}],"collection":[{"href":"https:\/\/www.joacomputacion.com\/index.php\/wp-json\/wp\/v2\/pages"}],"about":[{"href":"https:\/\/www.joacomputacion.com\/index.php\/wp-json\/wp\/v2\/types\/page"}],"author":[{"embeddable":true,"href":"https:\/\/www.joacomputacion.com\/index.php\/wp-json\/wp\/v2\/users\/1"}],"replies":[{"embeddable":true,"href":"https:\/\/www.joacomputacion.com\/index.php\/wp-json\/wp\/v2\/comments?post=417"}],"version-history":[{"count":2,"href":"https:\/\/www.joacomputacion.com\/index.php\/wp-json\/wp\/v2\/pages\/417\/revisions"}],"predecessor-version":[{"id":422,"href":"https:\/\/www.joacomputacion.com\/index.php\/wp-json\/wp\/v2\/pages\/417\/revisions\/422"}],"wp:attachment":[{"href":"https:\/\/www.joacomputacion.com\/index.php\/wp-json\/wp\/v2\/media?parent=417"}],"curies":[{"name":"wp","href":"https:\/\/api.w.org\/{rel}","templated":true}]}}