{"id":416,"date":"2015-10-27T13:33:36","date_gmt":"2015-10-27T19:33:36","guid":{"rendered":"http:\/\/www.joacomputacion.com\/?page_id=416"},"modified":"2015-10-27T15:34:18","modified_gmt":"2015-10-27T21:34:18","slug":"guia-practica-para-uso-de-gpedit-msc","status":"publish","type":"page","link":"https:\/\/www.joacomputacion.com\/index.php\/guia-practica-para-uso-de-gpedit-msc\/","title":{"rendered":"Gu\u00eda pr\u00e1ctica para uso de GPEDIT.MSC"},"content":{"rendered":"<h2><span style=\"color: #ff0000;\"><strong>Gu\u00eda pr\u00e1ctica para uso de GPEDIT.MSC<\/strong><\/span><\/h2>\n<p>&nbsp;<\/p>\n<p>Use el programa GPEDIT.MSC para Windows XP. Para ejecutar GPEDIT.MSC elija: INICIO-EJECUTAR y escriba GPEDIT.MSC.<\/p>\n<p>Revise <span style=\"color: #0000ff;\"><a style=\"color: #0000ff;\" href=\"http:\/\/www.joacomputacion.com\/index.php\/guia-para-uso-y-descarga-de-rungped-exe\/\">Gu\u00eda para uso y descarga de RUNGPED.EXE<\/a><\/span> para asegurarse que no quede bloqueada su computadora al punto de no poder darle mantenimiento y tener que formatearla.<\/p>\n<p>Revise las instrucciones de cada opci\u00f3n que desee\u00a0configurar en su PC. La lista de opciones mostradas a continuaci\u00f3n no es exhaustiva, por lo que si desea podr\u00e1 revisar la documentaci\u00f3n de GPEDIT.MSC para configurar de forma avanzada su PC.<\/p>\n<p>1. Prohibir acceso al floppy disk<br \/>\n2. Quitar, mapear y desconectar unidades de red<br \/>\n3. Ocultar algunas unidades de disco (drives) en la PC y Prevenir acceso<br \/>\na unidades (drives) desde mi PC<br \/>\n4. Quitar Inicio-Ejecutar<br \/>\n5. Remover el Hardware Tab y no se agreguen ni quiten componentes<br \/>\n6. Prohibir que se instale alg\u00fan programa desde un medio removible (cd)<br \/>\n7. Quitar el icono MIS DOCUMENTOS del men\u00fa Inicio<br \/>\n8. Quitar DOCUMENTOS del men\u00fa Inicio<br \/>\n9. Quitar Panel de Control, Impresoras y Conexiones de red del Men\u00fa Inicio<br \/>\n10. Quitar el men\u00fa Favoritos del Men\u00fa Inicio<br \/>\n11. Quitar Buscar del Men\u00fa Inicio<br \/>\n12. Quitar Ayuda del Men\u00fa Inicio<br \/>\n13. Quitar Mis Im\u00e1genes del Men\u00fa Inicio<br \/>\n14. Quitar Mi M\u00fasica del Men\u00fa Inicio<br \/>\n15. Quitar Mis Sitios de Red del Men\u00fa Inicio<br \/>\n16. Quitar la opci\u00f3n Drag and Drop (arrastrar y soltar) del Men\u00fa Inicio<br \/>\n17. Evitar cambios a la barra de tareas y el Men\u00fa Inicio<br \/>\n18. Quitar men\u00fas contextuales del men\u00fa inicio<br \/>\n19. Evitar que puedan mover la barra de tareas del Men\u00fa Inicio<br \/>\n20. Quitar programas de uso frecuente del Men\u00fa Inicio<br \/>\n21. Quitar toda la lista de programas del Men\u00fa Inicio<br \/>\n22. Prohibir cambios al escritorio activo<br \/>\n23. Quitar \u201cAgregar\/quitar programas\u201d del panel de control.<br \/>\n24. Quitar Pantalla (Display) en el panel de control.<br \/>\n25. Prohibir agregar impresoras.<br \/>\n26. Prevenir borrar impresoras.<br \/>\n27. Previene cambiar opciones regionales y de idioma en el panel de control<br \/>\n28. Prohibir renombrar conexiones de red o de acceso remoto.<br \/>\n29. Prohibir acceso a propiedades de componentes de conexi\u00f3n de redes<br \/>\n30. Prohibir la configuraci\u00f3n TCP\/IP avanzada<br \/>\n31. Prohibir agregar o quitar componentes de red<br \/>\n32. Prohibir acceso a propiedades de una conexi\u00f3n de red<br \/>\n33. Prohibir habilitar o deshabilitar componentes de una conexi\u00f3n de red<br \/>\n34. Permitir habilitar o deshabilitar una conexi\u00f3n de red.<br \/>\n35. Prohibir el acceso al asistente: Nueva conexi\u00f3n.<br \/>\n36. Otorgar capacidades para renombrar conexiones de red<br \/>\n37. Prohibir el acceso a preferencias de marcado<br \/>\n38. Eliminar el cambio de contrase\u00f1a.<br \/>\n__________________________________________________<\/p>\n<p>1. PROHIBIR ACCESO AL FLOPPY DISK<br \/>\nDirectiva de Equipo Local \u2013 Configuraci\u00f3n del equipo &#8211; Configuraci\u00f3n de Windows \u2013 Configuraci\u00f3n de Seguridad &#8211; Directivas locales \u2013 Opci\u00f3nes de Seguridad &#8211; Dispositivos: restringir el acceso a la unidad de disquete s\u00f3lo al usuario con sesi\u00f3n iniciada localmente.<\/p>\n<p>2. PARA QUITAR: MAPEAR Y DESCONECTAR UNIDADES DE RED<br \/>\nDirectiva de Equipo Local \u2013 Configuraci\u00f3n de Usuario \u2013 Plantillas Administrativas- Componentes de Windows \u2013 Explorador de Windows- Quitar \u201cConectar a unidad de red\u201d y \u201dDesconectar de unidad de red\u201d.<\/p>\n<p>3. PARA OCULTAR ALGUNAS UNIDADES DE DISCO (DRIVES) EN LA COMPUTADORA.<br \/>\nDirectiva de Equipo Local \u2013 Configuraci\u00f3n de Usuario \u2013 Plantillas Administrativas- Componentes de Windows \u2013 Explorador de Windows- Ocultar estas unidades especificadas en mi PC.<br \/>\nESTA OPCION SE USA JUNTO CON: Impedir acceso a las unidades desde MI PC.<\/p>\n<p>Directiva de Equipo Local \u2013 Configuraci\u00f3n de Usuario \u2013 Plantillas Administrativas- Componentes de Windows \u2013 Explorador de Windows- Impedir acceso a las unidades desde Mi PC.<br \/>\nTAMBIEN EVITA QUE AL USAR INICIO-EJECUTAR SE USE EXAMINAR PARA QUE TENGA EFECTO TOTAL.<\/p>\n<p>4. QUITA INICIO-EJECUTAR<br \/>\nDirectiva de Equipo Local \u2013 Configuraci\u00f3n de Usuario \u2013 Plantillas Administrativas- Men\u00fa Inicio y Barra de tareas- Quitar el men\u00fa Ejecutar del men\u00fa Inicio.<\/p>\n<p>5. PARA REMOVER EL HARDWARE TAB Y NO SE AGREGUEN NI QUITEN COMPONENTES<br \/>\nDirectiva de Equipo Local \u2013 Configuraci\u00f3n de Usuario \u2013 Plantillas Administrativas- Componentes de Windows \u2013 Explorador de Windows- Ocultar la ficha Hardware.<\/p>\n<p>6. PARA PROHIBIR QUE SE INSTALE ALGUN PROGRAMA DESDE UN MEDIO REMOVIBLE (CD).<br \/>\nDirectiva de Equipo Local \u2013 Configuraci\u00f3n de Usuario \u2013 Plantillas Administrativas- Componentes de Windows \u2013 Windows Installer \u2013 Impedir la instalaci\u00f3n de cualquier medio extraible.<\/p>\n<p>7. PARA QUITAR EL ICONO: MIS DOCUMENTOS DEL MENU INICIO<br \/>\nDirectiva de Equipo Local \u2013 Configuraci\u00f3n de Usuario \u2013 Plantillas Administrativas- Men\u00fa Inicio y barra de tareas &#8211; Quitar el icono Mis documentos del men\u00fa Inicio.<\/p>\n<p>8. PARA QUITAR DOCUMENTOS EN EL MENU INICIO<br \/>\nDirectiva de Equipo Local \u2013 Configuraci\u00f3n de Usuario \u2013 Plantillas Administrativas- Men\u00fa Inicio y barra de tareas &#8211; Quitar el men\u00fa Documentos del men\u00fa Inicio.<\/p>\n<p>9. PARA QUITAR PANEL DE CONTROL, IMPRESORAS Y CONEXIONES DE RED DEL MENU INICIO<br \/>\nDirectiva de Equipo Local \u2013 Configuraci\u00f3n de Usuario \u2013 Plantillas Administrativas- \u2013 Men\u00fa Inicio y barra de tareas &#8211; Quitar programas del men\u00fa Configuraci\u00f3n.<\/p>\n<p>10. PARA QUITAR EL MENU FAVORITOS DEL MENU INICIO<br \/>\nDirectiva de Equipo Local \u2013 Configuraci\u00f3n de Usuario \u2013 Plantillas Administrativas- Men\u00fa Inicio y barra de tareas &#8211; Quitar el men\u00fa Favoritos del men\u00fa Inicio.<\/p>\n<p>11. QUITAR BUSCAR DEL MENU INICIO<br \/>\nDirectiva de Equipo Local \u2013 Configuraci\u00f3n de Usuario \u2013 Plantillas Administrativas- Men\u00fa Inicio y barra de tareas &#8211; Quitar el men\u00fa Buscar del men\u00fa Inicio.<\/p>\n<p>12. QUITAR EL MENU \u201cAYUDA\u201d DEL MENU INICIO<br \/>\nDirectiva de Equipo Local \u2013 Configuraci\u00f3n de Usuario \u2013 Plantillas Administrativas- Men\u00fa Inicio y barra de tareas &#8211; Quitar el men\u00fa Ayuda del men\u00fa Inicio.<\/p>\n<p>13. PARA QUITAR MIS IMAGENES DEL MENU INICIO<br \/>\nDirectiva de Equipo Local \u2013 Configuraci\u00f3n de Usuario \u2013 Plantillas Administrativas- Men\u00fa Inicio y barra de tareas &#8211; Quitar el icono Mis im\u00e1genes del men\u00fa Inicio.<\/p>\n<p>14. PARA QUITAR MI MUSICA DEL MENU INICIO<br \/>\nDirectiva de Equipo Local \u2013 Configuraci\u00f3n de Usuario \u2013 Plantillas Administrativas- Men\u00fa Inicio y barra de tareas &#8211; Quitar el icono Mi m\u00fasica del men\u00fa Inicio.<\/p>\n<p>15. PARA QUITAR MIS SITIOS DE RED DEL MENU INICIO<br \/>\nDirectiva de Equipo Local \u2013 Configuraci\u00f3n de Usuario \u2013 Plantillas Administrativas- Men\u00fa Inicio y barra de tareas &#8211; Quitar el icono Mis sitios de red del men\u00fa Inicio.<\/p>\n<p>16. PARA QUITAR LA OPCION DRAG AND DROP (arrastrar y soltar) DEL MENU INICIO Y QUITAR MENUS CONTEXTUALES.<br \/>\nDirectiva de Equipo Local \u2013 Configuraci\u00f3n de Usuario \u2013 Plantillas Administrativas- Men\u00fa Inicio y barra de tareas &#8211; Quitar los men\u00fas contextuales para arrastrar y colocar del men\u00fa inicio.<\/p>\n<p>17. PARA EVITAR CAMBIOS A LA CONFIGURACION DE LA BARRA DE TAREAS Y AL MENU INICIO<br \/>\nDirectiva de Equipo Local \u2013 Configuraci\u00f3n de Usuario \u2013 Plantillas Administrativas- Men\u00fa Inicio y barra de tareas \u2013 Impedir cambios en la configuraci\u00f3n de la barra de tareas y del men\u00fa inicio.<\/p>\n<p>18. QUITA MENUS CONTEXTUALES DE LA BARRA DE TAREAS<br \/>\nDirectiva de Equipo Local \u2013 Configuraci\u00f3n de Usuario \u2013 Plantillas Administrativas- Men\u00fa Inicio y barra de tareas &#8211; Quitar los men\u00fas contextuales en la barra de tareas para arrastrar y colocar del men\u00fa Inicio.<\/p>\n<p>19. PARA QUE NO PUEDAN MOVER LA BARRA DE TAREAS<br \/>\nDirectiva de Equipo Local \u2013 Configuraci\u00f3n de Usuario \u2013 Plantillas Administrativas- Men\u00fa Inicio y barra de tareas \u2013 Bloquear la barra de tareas<\/p>\n<p>20. QUITAR PROGRAMAS DE USO FRECUENTE DEL MENU INICIO<br \/>\nDirectiva de Equipo Local \u2013 Configuraci\u00f3n de Usuario \u2013 Plantillas Administrativas- Men\u00fa Inicio y barra de tareas &#8211; Quitar del men\u00fa Inicio la lista de programas de uso frecuente.<\/p>\n<p>21. QUITA TODA LA LISTA DE PROGRAMAS DEL MENU DE INICIO<br \/>\nDirectiva de Equipo Local \u2013 Configuraci\u00f3n de Usuario \u2013 Plantillas Administrativas- Men\u00fa Inicio y barra de tareas &#8211; Quitar del men\u00fa Inicio la lista Todos los programas<\/p>\n<p>22. PROHIBE CAMBIOS AL ESCRITORIO ACTIVO<br \/>\nDirectiva de Equipo Local \u2013 Configuraci\u00f3n de Usuario \u2013 Plantillas Administrativas- Escritorio \u2013 Active Desktop \u2013 No permitir cambios.<\/p>\n<p>23. QUITAR: \u201cAGREGAR\/QUITAR PROGRAMAS\u201d DEL PANEL DE CONTROL<br \/>\nDirectiva de Equipo Local \u2013 Configuraci\u00f3n de Usuario \u2013 Plantillas Administrativas- Panel de control \u2013 Agregar o quitar programas \u2013 Quitar Agregar o quitar programas.<\/p>\n<p>24. QUITA DISPLAY (PANTALLA) EN EL PANEL DE CONTROL<br \/>\nDirectiva de Equipo Local \u2013 Configuraci\u00f3n de Usuario \u2013 Plantillas Administrativas- Panel de control \u2013 Pantalla \u2013 Quitar el elemento Pantalla en Panel de control<\/p>\n<p>25. PROHIBE AGREGAR IMPRESORAS<br \/>\nDirectiva de Equipo Local \u2013 Configuraci\u00f3n de Usuario \u2013 Plantillas Administrativas- Panel de control \u2013 Impresoras \u2013 Impedir la agregaci\u00f3n de impresoras.<\/p>\n<p>26. PREVIENE BORRAR IMPRESORAS<br \/>\nDirectiva de Equipo Local \u2013 Configuraci\u00f3n de Usuario \u2013 Plantillas Administrativas- Panel de control \u2013 Impresoras \u2013 Impedir la eliminaci\u00f3n de impresoras.<\/p>\n<p>27. PREVIENE CAMBIAR OPCIONES REGIONALES Y DE IDIOMA EN EL PANEL DE CONTROL<br \/>\nDirectiva de Equipo Local \u2013 Configuraci\u00f3n de Usuario \u2013 Plantillas Administrativas- Panel de control \u2013 Configuraci\u00f3n regional y de idioma\u2013 Limitar la selecci\u00f3n de idioma de los cuadros de di\u00e1logo y men\u00fas.<\/p>\n<p>28. PROHIBE RENOMBRAR CONEXIONES DE RED O CONEXIONES DE ACCESO REMOTO A USUARIOS NO ADMINISTRADORES. EL PARAMETRO DEBE FIJARSE EN DESHABILITADO.<br \/>\nDirectiva de Equipo Local \u2013 Configuraci\u00f3n de Usuario \u2013 Plantillas Administrativas- Red \u2013 Conexi\u00f3n de red \u2013 Capacidad para cambiar de nombre a conexiones LAN.<\/p>\n<p>29. PROHIBE EL ACCESO A PROPIEDADES DE COMPONENTES DE CONEXI\u00d3N LAN. DEBE ESTAR HABILITADO<br \/>\nDirectiva de Equipo Local \u2013 Configuraci\u00f3n de Usuario \u2013 Plantillas Administrativas- Panel de control \u2013 Red \u2013 Conexiones de red \u2013 Prohibir el acceso a las propiedades de componentes de una conexi\u00f3n LAN.<\/p>\n<p>30. PARA PROHIBIR LA CONFIGURACION TCP\/IP AVANZADA<br \/>\nDirectiva de Equipo Local \u2013 Configuraci\u00f3n de Usuario \u2013 Plantillas Administrativas- Red &#8211; Conexiones de Red \u2013 Prohibir la configuraci\u00f3n TCP\/IP Avanzada<\/p>\n<p>31. PARA PROHIBIR AGREGAR O QUITAR COMPONENTES DE RED<br \/>\nDirectiva de Equipo Local \u2013 Configuraci\u00f3n de Usuario \u2013 Plantillas Administrativas-<br \/>\nRed \u2013 Conexiones de Red \u2013 Prohibir la adici\u00f3n y eliminaci\u00f3n de componentes de una LAN o una conexi\u00f3n de acceso remoto.<\/p>\n<p>32. PARA PROHIBIR ACCESO A PROPIEDADES DE UNA CONEXI\u00d3N DE RED<br \/>\nDirectiva de Equipo Local \u2013 Configuraci\u00f3n de Usuario \u2013 Plantillas Administrativas-<br \/>\nRed \u2013 Conexiones de Red \u2013 Prohibir el acceso a las propiedades de una conexi\u00f3n de red.<\/p>\n<p>33. PARA PROHIBIR HABILITAR O DESHABILITAR COMPONENTES DE UNA CONEXI\u00d3N DE RED<br \/>\nDirectiva de Equipo Local \u2013 Configuraci\u00f3n de Usuario \u2013 Plantillas Administrativas-<br \/>\nRed \u2013 Conexiones de Red \u2013 Prohibir la habilitaci\u00f3n o deshabilitaci\u00f3n de componentes de una conexi\u00f3n LAN.<\/p>\n<p>34. PERMITIR HABILITAR O DESHABILITAR UNA CONEXI\u00d3N DE RED<br \/>\nDirectiva de Equipo Local \u2013 Configuraci\u00f3n de Usuario \u2013 Plantillas Administrativas-<br \/>\nRed \u2013 Conexiones de Red \u2013 Capacidad para habilitar o deshabilitar una conexi\u00f3n de LAN.<\/p>\n<p>35. PROHIBIR EL ACCESO AL ASISTENTE (WIZARD): NUEVA CONEXI\u00d3N<br \/>\nDirectiva de Equipo Local \u2013 Configuraci\u00f3n de Usuario \u2013 Plantillas Administrativas-<br \/>\nRed \u2013 Conexiones de Red \u2013 Prohibir el acceso al Asistente para nueva conexi\u00f3n.<\/p>\n<p>36. OTORGAR CAPACIDADES PARA RENOMBRAR CONEXIONES DE RED<br \/>\nDirectiva de Equipo Local \u2013 Configuraci\u00f3n de Usuario \u2013 Plantillas Administrativas-<br \/>\nRed \u2013 Conexiones de Red \u2013 Capacidad para cambiar de nombre a las conexiones de LAN.<\/p>\n<p>37. PROHIBIR EL ACCESO A PREFERNCIAS DE MARCADO. Directiva de Equipo Local \u2013 Configuraci\u00f3n de Usuario \u2013 Plantillas Administrativas &#8211; Red \u2013 Conexiones de Red \u2013 Prohibir el acceso al elemento Preferencias de marcado en el men\u00fa Avanzadas.<\/p>\n<p>38. ELIMINAR EL CAMBIO DE CONTRASE\u00d1A DE WINDOWS<br \/>\nDirectiva de Equipo Local \u2013 Configuraci\u00f3n de Usuario \u2013 Plantillas Administrativas-<br \/>\nSistema- Opciones de Ctrl-Alt-Supr- Quitar la Opci\u00f3n: Cambiar Contrase\u00f1a.<\/p>\n","protected":false},"excerpt":{"rendered":"<p>Gu\u00eda pr\u00e1ctica para uso de GPEDIT.MSC &nbsp; Use el programa GPEDIT.MSC para Windows XP. Para ejecutar GPEDIT.MSC elija: INICIO-EJECUTAR y escriba GPEDIT.MSC. Revise Gu\u00eda para uso y descarga de RUNGPED.EXE para asegurarse que no quede bloqueada su computadora al punto de no poder darle mantenimiento y tener que formatearla. Revise las instrucciones de cada opci\u00f3n [&hellip;]<\/p>\n","protected":false},"author":1,"featured_media":0,"parent":0,"menu_order":0,"comment_status":"open","ping_status":"closed","template":"","meta":{"_uag_custom_page_level_css":"","footnotes":""},"class_list":["post-416","page","type-page","status-publish","hentry"],"uagb_featured_image_src":{"full":false,"thumbnail":false,"medium":false,"medium_large":false,"large":false,"1536x1536":false,"2048x2048":false,"et-featured-first":false,"et-featured-second":false,"et-featured-category":false,"et-featured-third":false,"et-recent-post-image":false,"et-popular-post-image":false,"et-popular-post-big-image":false,"et-category-image":false,"et-recent-first-image":false,"et-tabs-image-small":false,"et-blog-page-thumb":false,"et-gallery-page-thumb":false,"et-portfolio-medium-page-thumb":false,"et-portfolio-medium-portrait-page-thumb":false,"et-portfolio-small-page-thumb":false,"et-portfolio-small-portrait-page-thumb":false,"et-portfolio-large-page-thumb":false,"et-portfolio-large-portrait-page-thumb":false,"woocommerce_thumbnail":false,"woocommerce_single":false,"woocommerce_gallery_thumbnail":false},"uagb_author_info":{"display_name":"ramon104","author_link":"https:\/\/www.joacomputacion.com\/index.php\/author\/ramon104\/"},"uagb_comment_info":0,"uagb_excerpt":"Gu\u00eda pr\u00e1ctica para uso de GPEDIT.MSC &nbsp; Use el programa GPEDIT.MSC para Windows XP. Para ejecutar GPEDIT.MSC elija: INICIO-EJECUTAR y escriba GPEDIT.MSC. Revise Gu\u00eda para uso y descarga de RUNGPED.EXE para asegurarse que no quede bloqueada su computadora al punto de no poder darle mantenimiento y tener que formatearla. Revise las instrucciones de cada opci\u00f3n&hellip;","_links":{"self":[{"href":"https:\/\/www.joacomputacion.com\/index.php\/wp-json\/wp\/v2\/pages\/416"}],"collection":[{"href":"https:\/\/www.joacomputacion.com\/index.php\/wp-json\/wp\/v2\/pages"}],"about":[{"href":"https:\/\/www.joacomputacion.com\/index.php\/wp-json\/wp\/v2\/types\/page"}],"author":[{"embeddable":true,"href":"https:\/\/www.joacomputacion.com\/index.php\/wp-json\/wp\/v2\/users\/1"}],"replies":[{"embeddable":true,"href":"https:\/\/www.joacomputacion.com\/index.php\/wp-json\/wp\/v2\/comments?post=416"}],"version-history":[{"count":17,"href":"https:\/\/www.joacomputacion.com\/index.php\/wp-json\/wp\/v2\/pages\/416\/revisions"}],"predecessor-version":[{"id":457,"href":"https:\/\/www.joacomputacion.com\/index.php\/wp-json\/wp\/v2\/pages\/416\/revisions\/457"}],"wp:attachment":[{"href":"https:\/\/www.joacomputacion.com\/index.php\/wp-json\/wp\/v2\/media?parent=416"}],"curies":[{"name":"wp","href":"https:\/\/api.w.org\/{rel}","templated":true}]}}